{"id":305,"date":"2022-05-17T19:47:23","date_gmt":"2022-05-17T18:47:23","guid":{"rendered":"https:\/\/xn--bgelundeforsamlingshus-5ic.dk\/?page_id=305"},"modified":"2022-06-20T17:55:25","modified_gmt":"2022-06-20T16:55:25","slug":"omtale-i-skaelskor-avis-ved-forsamlingshusets-125-ars-jubilaeum","status":"publish","type":"page","link":"https:\/\/xn--bgelundeforsamlingshus-5ic.dk\/?page_id=305","title":{"rendered":"Omtale i Sk\u00e6lsk\u00f8r Avis ved forsamlingshusets 125 \u00e5rs Jubil\u00e6um"},"content":{"rendered":"\n<p class=\"has-text-align-center\">I forbindelse med at B\u00d8GELUNDE Forsamlingshus i 2009 fyldte 125 \u00e5r<br>kunne man l\u00e6se denne artikel i Sk\u00e6lsk\u00f8r Avis<\/p>\n\n\n<div class=\"wp-block-image\">\n<figure class=\"aligncenter size-medium\"><img loading=\"lazy\" decoding=\"async\" width=\"300\" height=\"148\" src=\"https:\/\/b\u00f8gelundeforsamlingshus.dk\/wp-content\/uploads\/2022\/03\/boegelundeforsamlingshus-300x148.jpg\" alt=\"\" class=\"wp-image-35\" srcset=\"https:\/\/b\u00f8gelundeforsamlingshus.dk\/wp-content\/uploads\/2022\/03\/boegelundeforsamlingshus-300x148.jpg 300w, https:\/\/b\u00f8gelundeforsamlingshus.dk\/wp-content\/uploads\/2022\/03\/boegelundeforsamlingshus-1024x505.jpg 1024w, https:\/\/b\u00f8gelundeforsamlingshus.dk\/wp-content\/uploads\/2022\/03\/boegelundeforsamlingshus-768x379.jpg 768w, https:\/\/b\u00f8gelundeforsamlingshus.dk\/wp-content\/uploads\/2022\/03\/boegelundeforsamlingshus-1536x757.jpg 1536w, https:\/\/b\u00f8gelundeforsamlingshus.dk\/wp-content\/uploads\/2022\/03\/boegelundeforsamlingshus-2048x1010.jpg 2048w, https:\/\/b\u00f8gelundeforsamlingshus.dk\/wp-content\/uploads\/2022\/03\/boegelundeforsamlingshus-1200x592.jpg 1200w, https:\/\/b\u00f8gelundeforsamlingshus.dk\/wp-content\/uploads\/2022\/03\/boegelundeforsamlingshus-1980x976.jpg 1980w\" sizes=\"auto, (max-width: 300px) 100vw, 300px\" \/><\/figure>\n<\/div>\n\n\n<p>Huset ligger der hvor det altid har ligget med ansigtet vendt mod Gl\u00e6n\u00f8, \u00d8rslev og landsiden vendt mod Grenjebjerg, Rude og Kirkeskovsskolen. Mod nord er B\u00f8gelunde og Sdr. Bjerge, s\u00e5 set i lyset af at det for 125 \u00e5r siden is\u00e6r var \u00d8rslev og Bjerge sogne, at forsamlingshuset bejlede til herfra, der skulle v\u00e6lges 3 medlemmer fra hvert af disse sogne, og kun et medlem kunne v\u00e6lges blandt udensogns andelshavere.<\/p>\n\n\n\n<p>B\u00f8gelunde Forsamlingshus oprindelige form\u00e5l var at samle sognets beboere omkring h\u00f8jskoletanken. Det skulle v\u00e6re et folkets hjem, &#8220;hvor f\u00e6lles anliggender kunne dr\u00f8ftes i frihedens og fordragelighedens \u00e5nd, og hvor det \u00e5ndsb\u00e5rne ord kunne have frit l\u00f8b&#8221;.<\/p>\n\n\n\n<p>Ovenst\u00e5ende har givet anledning til en masse forskellige aktiviteter igennem tiden, og hvor der tidligere manglede steder, hvor folket kunne m\u00f8des og diskutere alverdens og m\u00e5ske is\u00e6r egnens problemer, s\u00e5 er B\u00f8gelunde Forsamlingshus nu mere et festlokale.<\/p>\n\n\n\n<p>Igennem tiden har der v\u00e6ret alverdens aktiviteter f.eks. alle mulige fester i forbindelse med h\u00f8jtider. Tidligere eksisterede der jo ikke halballer og diskoteker, s\u00e5 det var h\u00f8st, pinse og julefester.<\/p>\n\n\n\n<p>Inge og Kaj Hansen har haft danse skole p\u00e5 stedet. Rejsebiografen lagde ogs\u00e5 billetten ind og s\u00e5 har gulvet ogs\u00e5 i mange \u00e5r (m\u00e5ske de f\u00f8rste 100 \u00e5r) lagt br\u00e6dder til gymnastik for alle aldre. Det sv\u00e6re har sikkert v\u00e6ret at springkarlene ikke skulle ramme loftet.<\/p>\n\n\n\n<p>I nogle \u00e5r var der ogs\u00e5 ungdoms klub i forsamlingshuset, of s\u00e5 har der v\u00e6ret en lang tradition med at spille teater og dilletant.<\/p>\n\n\n\n<p>Den store udfordring for forsamlingshuset vil altid v\u00e6re at kunne f\u00f8lge med tiden og v\u00e6re aktiv p\u00e5 en m\u00e5de, s\u00e5 egnens beboere vil bruge huset. Mange unge mennesker ved m\u00e5ske ikke engang, hvad det er for noget med det forsamlingshus, som ligger der midt i det hele p\u00e5 Snedinge M\u00f8llevej.<\/p>\n\n\n\n<p>Vi vil alle, der er med i forsamlingshuset nu gerne vende blikket tilbage mod tidligere tider, hvor huset jo blev omtalt som folkets hjem og pr\u00f8ve at skabe nyt liv i huset, s\u00e5 endnu flere is\u00e6r ogs\u00e5 yngre generationer vil bruge stedet.<\/p>\n\n\n\n<p>B\u00f8gelunde Forsamlingshus styres af en bestyrelse med en formand Carsten Pedersen, og i tilknytning til bestyrelsen er vennernes bestyrelse, som i sin tid blev oprettet for at skabe yderligere, samt at skrabe lidt penge sammen. For det er altid en udfordring at f\u00e5 penge nok til drift og vedligeholdelse.<\/p>\n\n\n\n<p>Alle der har lyst til at v\u00e6re med i B\u00f8gelunde Forsamlingshus venner kan kontakte formand Ingrid J\u00f8rgensen 58143291, eller sige til i forbindelse med arrangementer.<\/p>\n\n\n\n<p>Vi fejrer begivenheden ved reception den 1. november og l\u00f8rdag den 7. november fejres B\u00f8gelunde Forsamlingshus med en stor jubil\u00e6ums fest. Der bliver 3 retters fest banket, underholdning, dans og s\u00e5 vil hele huset v\u00e6re pyntet op til fest.<\/p>\n","protected":false},"excerpt":{"rendered":"<p>I forbindelse med at B\u00d8GELUNDE Forsamlingshus i 2009 fyldte 125 \u00e5rkunne man l\u00e6se denne artikel i Sk\u00e6lsk\u00f8r Avis Huset ligger der hvor det altid har ligget med ansigtet vendt mod Gl\u00e6n\u00f8, \u00d8rslev og landsiden vendt mod Grenjebjerg, Rude og Kirkeskovsskolen. Mod nord er B\u00f8gelunde og Sdr. Bjerge, s\u00e5 set i lyset af at det for&#8230;<\/p>\n","protected":false},"author":3,"featured_media":0,"parent":0,"menu_order":0,"comment_status":"closed","ping_status":"closed","template":"","meta":{"_kadence_starter_templates_imported_post":false,"_kad_post_transparent":"","_kad_post_title":"","_kad_post_layout":"","_kad_post_sidebar_id":"","_kad_post_content_style":"","_kad_post_vertical_padding":"","_kad_post_feature":"","_kad_post_feature_position":"","_kad_post_header":false,"_kad_post_footer":false,"_kad_post_classname":"","footnotes":""},"class_list":["post-305","page","type-page","status-publish","hentry","gallery-content-unit"],"_links":{"self":[{"href":"https:\/\/xn--bgelundeforsamlingshus-5ic.dk\/index.php?rest_route=\/wp\/v2\/pages\/305","targetHints":{"allow":["GET"]}}],"collection":[{"href":"https:\/\/xn--bgelundeforsamlingshus-5ic.dk\/index.php?rest_route=\/wp\/v2\/pages"}],"about":[{"href":"https:\/\/xn--bgelundeforsamlingshus-5ic.dk\/index.php?rest_route=\/wp\/v2\/types\/page"}],"author":[{"embeddable":true,"href":"https:\/\/xn--bgelundeforsamlingshus-5ic.dk\/index.php?rest_route=\/wp\/v2\/users\/3"}],"replies":[{"embeddable":true,"href":"https:\/\/xn--bgelundeforsamlingshus-5ic.dk\/index.php?rest_route=%2Fwp%2Fv2%2Fcomments&post=305"}],"version-history":[{"count":2,"href":"https:\/\/xn--bgelundeforsamlingshus-5ic.dk\/index.php?rest_route=\/wp\/v2\/pages\/305\/revisions"}],"predecessor-version":[{"id":328,"href":"https:\/\/xn--bgelundeforsamlingshus-5ic.dk\/index.php?rest_route=\/wp\/v2\/pages\/305\/revisions\/328"}],"wp:attachment":[{"href":"https:\/\/xn--bgelundeforsamlingshus-5ic.dk\/index.php?rest_route=%2Fwp%2Fv2%2Fmedia&parent=305"}],"curies":[{"name":"wp","href":"https:\/\/api.w.org\/{rel}","templated":true}]}}