{"id":302,"date":"2022-05-17T19:44:09","date_gmt":"2022-05-17T18:44:09","guid":{"rendered":"https:\/\/xn--bgelundeforsamlingshus-5ic.dk\/?page_id=302"},"modified":"2022-06-20T17:55:41","modified_gmt":"2022-06-20T16:55:41","slug":"tale-i-forbindelse-med-forsamlingshusets-125-ars-jubilaeum","status":"publish","type":"page","link":"https:\/\/xn--bgelundeforsamlingshus-5ic.dk\/?page_id=302","title":{"rendered":"Tale i forbindelse med forsamlingshusets 125 \u00e5rs Jubil\u00e6um"},"content":{"rendered":"\n<p>Allerf\u00f8rst vil jeg takke bestyrelsen for den tillid I har vist mig ved at sp\u00f8rge, om jeg ville holde festtalen her i<br>aften \u2013 en s\u00e5dan opfordring tog jeg imod med tak og med et ord, som m\u00e5ske ikke s\u00e5 ofte bruges i 2009 \u2013 nemlig med ydmyghed overfor opgaven: TAK, skal I have!<\/p>\n\n\n\n<p>Niels Frederik Severin Grundtvig havde et begreb, som han kaldte: \u201ddet historisk-poetiske\u201d og helt i tr\u00e5d med det, der var grundlaget for B\u00f8gelunde forsamlingshus\u00b4 opf\u00f8relse og for den sags skyld for r\u00e6kken af forsamlingshuses opf\u00f8relse her i Danmark, vil jeg i denne festtale fors\u00f8ge at kombinere det historiske med det poetiske.<\/p>\n\n\n\n<p>Hvis disse v\u00e6gge kunne tale, s\u00e5 ville de kunne fort\u00e6lle om en tid, hvor de ikke engang var bygget endnu. De ville kunne berette om st\u00e6rke folk, der greb den nye mulighed for at agere i 1870`ernes Danmark \u2013 v\u00e6ggene ville fort\u00e6lle om andelsbev\u00e6gelsen, der s\u00e5 at sige fejede over Danmark, de ville kunne fort\u00e6lle om Grundtvigs frihedssyn om det sp\u00e6de demokrati, og de ville kunne fort\u00e6lle om grundtvigianere, der sprang ud p\u00e5 det dybe vand, uden at vide om de kunne bunde og opf\u00f8rte: h\u00f8jskoler, friskoler, frimenigheder, andelsmejerier, slagterier og forsamlingshuse m.m., sm\u00e5 fyrt\u00e5rne sk\u00f8d op p\u00e5 Danmarkskortet, og betydningsfulde blev de for Danmarkshistorien i mange, mange \u00e5r frem \u2013 ja endnu! Allerede i 1876 stiftedes H\u00f8jskolebladet og i 1904 Bavnen, det nuv\u00e6rende Friskoleblad \u2013 begge blade, der udtrykte de folkeliges stemmer. De var folk med opr\u00f8rstrang \u2013 et opr\u00f8r, der ikke var velkomment p\u00e5 de bonede gulve \u2013 men folkene skabte selv rammerne for deres opr\u00f8r. Der iblandt forsamlingshusene, hvor deres ord og tanker kunne blive udtrykt, ogs\u00e5 selv om de stred mod de g\u00e6ngse normer.<\/p>\n\n\n\n<p>En af v\u00e6ggene har vi kigget mere p\u00e5 end p\u00e5 andre her i forsamlingshuset nemlig \u00f8stv\u00e6ggen her i den store sal, og det har vi p.g.a. pladen over d\u00f8ren med indskriften:<\/p>\n\n\n\n<p class=\"has-text-align-center\">\u201d\u00d8jet opladt, h\u00e5nden \u00f8vet,<br>tanken p\u00e5 flugt over st\u00f8vet\u201d<\/p>\n\n\n\n<p>Mange af os har t\u00e6nkt, hvor mon det stammer fra? Det er fra strofe 3 i den sang, der oprindeligt hed: \u201dDe unges sang i Vallekilde\u201d skrevet af Christian Hostrup i 1884 ved indvielsen af et \u00f8velseshus p\u00e5 den grundtvigske h\u00e5ndv\u00e6rkerskole i Vallekilde. S\u00e5dan blev de grundtvigske festligheder fejret dengang, og det g\u00f8r de endnu. Jeg har lige set en sang fra Rudme Friskoles 150 \u00e5rs jubil\u00e6um \u2013 og ja, den afspejlede pr\u00e6cis det samme som Hostrups sang fra 1884. Troen p\u00e5 at de unge med dygtighed fortsat vil k\u00e6mpe p\u00e5 historiens grund og gennem f\u00e6llesskabet styrke kampen for frihed.<\/p>\n\n\n\n<p>S\u00e5dan sang de i Vallekilde i 1884 samme \u00e5r som B\u00f8gelunde forsamlingshus blev bygget \u2013 h\u00f8r det var noget, der gav genlyd \u2013 hele 125 \u00e5r frem i tiden:<\/p>\n\n\n\n<p class=\"has-text-align-center\">Kun fod for fod vi se, hvor vi g\u00e5,<br>men v\u00e9d dog godt, hvorhen vi skal n\u00e5:<br>Til dybt i barm at ha\u00b4 vort kompas<br>og ej blot finde, men fylde vor plads.<br>Ja, vor gang m\u00e5 blive fast \u2013<br>vi er frib\u00e5rnes \u00e6t,<br>og vor higen m\u00e5 f\u00e5 hast,<br>og vor fod blive let:<br>\u201d\u00d8jet opladt, h\u00e5nden \u00f8vet,<br>tanken p\u00e5 flugt over st\u00f8vet\u201d\u2026\u2026. (alle med p\u00e5 gentagelsen)<\/p>\n\n\n\n<p>Hvis disse v\u00e6gge kunne tale, ville de fort\u00e6lle os, at vores k\u00e6re forsamlingshus, B\u00f8gelunde forsamlingshus var blandt de f\u00f8rste 20, der blev bygget inden den store r\u00e6kke af forsamlingshusene, der blev opf\u00f8rt i \u00e5rtierne efter<br>d. 30. oktober 1984, hvor den f\u00f8rste bestyrelse for B\u00f8gelunde forsamlingshus blev sammensat p\u00e5 den stiftende generalforsamling.<\/p>\n\n\n\n<p>Hvis disse v\u00e6gge kunne tale, ville de fort\u00e6lle om forsamlingshus til tiden \u2013 hele tiden til den tid, hvori forsamlingshuset skulle kunne leve op til det, det skulle kunne v\u00e6re for eksisterende generationer: Helt tilbage i tiden kan vi se af de gamle protokoller, at der har v\u00e6ret en lille lejlighed her i forsamlingshuset \u2013 en lejlighed, hvor den enlige kvinde eller enke, der skulle passe p\u00e5 forsamlingshuset, kunne bo. Vi h\u00f8rer v\u00e6ggene hviske om, at der engang var en hestestald ved forsamlingshuset, hvor b\u00f8nderne kunne opstalde deres heste, imens de lyttede til et folkeligt foredrag inden d\u00f8re. At holde stalden for en godtg\u00f8relse p\u00e5 5 kroner bet\u00f8d at holde stalden, g\u00e5rden og h\u00e6kken i orden, samt reng\u00f8ring af kakkelovnene, skorstenene og retiraderne. For en godtg\u00f8relse p\u00e5 30 kr. blev en kvinde antaget til at holde forsamlingshuset rent og passe lamperne.<\/p>\n\n\n\n<p>I februar \u00e5r 1900 blev det besluttet at brol\u00e6gge i g\u00e5rden \u2013 mon der eksisterer noget af den brol\u00e6gning endnu neden under tidernes forandringer, sp\u00f8rger vi os selv her i 2009? I 1922 foretoges en tilbygning til huset, den lille sal blev, hvor den var, og det dav\u00e6rende k\u00f8kken blev indrettet til stue \u2013 en stue, der givetvis blev brugt til afholdelse af mindre m\u00f8der. I 1942 blev der indlagt vand \u2013 hvilken revolution \u2013 den gamle musiktribune blev taget ned, og der blev gravet k\u00e6lder og etableret en ny scene.<br>Igen kunne v\u00e6ggene hviske om forsamlingshus til tiden!<\/p>\n\n\n\n<p>I 1976 blev stuen og den lille sal sl\u00e5et sammen og i 1977-1978 blev k\u00f8kkenet lavet i stand. I 1979 blev det besluttet at indhente tilbud fra h\u00e5ndv\u00e6rkere til ombygning af toiletterne. Ibrugtilladelsen blev udstedt den 28\/12-1979 \u2013 det er vi mange, der har v\u00e6ret lettede over siden\u2026.<br><\/p>\n\n\n\n<p>V\u00e6ggene fort\u00e6ller videre: I 1980 var ombygningen n\u00e6sten f\u00e6rdig, men i 1984 blev der sat nye vinduer i overalt, som en gave fra kommunen i anledning af 100 \u00e5rs jubil\u00e6et.<br>Hvad v\u00e6ggene ikke fort\u00e6ller, det ved vi: Vi ved at den 20. juni 1989 var en afg\u00f8rende dag for forsamlingshuset, da f\u00f8dtes nemlig en ny forening: \u201dB\u00f8gelunde forsamlingshus\u00b4 venner\u201d \u2013 foreningen, der ville \u201dskaffe midler til bevarelse af det gamle forsamlingshus og som ogs\u00e5 ville hj\u00e6lpe med vedligeholdelsen\u201d, vi ved, at foreningen og folkene bag st\u00f8tteforeningen har levet helt op til deres form\u00e5lsparagraf i \u00e5rene, der er g\u00e5et siden 1989!<\/p>\n\n\n\n<p>I 1989 havde vi storm imellem den 3. og den 4. december, og her m\u00e5 vi takke de seje folk for: \u201dat stormen blev redet af\u201d \u2013 og, at vi kan sidde her i dag, s\u00e5dan er det og s\u00e5dan skal det v\u00e6re, hvis v\u00e6ggene i forsamlingshuset skal bevares og danne rammerne om gode arrangementer for lokalbefolkningen, s\u00e5 m\u00e5 de til stadighed v\u00e6re v\u00e6rnet af en flok ih\u00e6rdige, kreative og dygtige mennesker, der s\u00e6tter ikke s\u00e5 lidt til side for, at vi kan bevare egnens allerst\u00f8rste dagligstue!<\/p>\n\n\n\n<p>Hvis v\u00e6ggene kunne fort\u00e6lle, og det kan de \u2013 lyt engang!!! S\u00e5 ville de fort\u00e6lle om s\u00e5 mange, s\u00e5 mange arrangementer her i forsamlingshuset: De ville fort\u00e6lle om en bestyrelse, der har holdt m\u00f8der og omsorgsfuldt har holdt \u00f8je med, at driften kunne holde sammen: En krone ud, en krone ind, s\u00e5dan har det lydt p\u00e5 bestyrelsesm\u00f8der i 125 \u00e5r. V\u00e6ggene fort\u00e6ller om de f\u00f8rste forsamlinger her i huset: om de grundtvigske kvinder, der kom agende til forsamlingshuset med deres familier. Kvinder med s\u00f8lvpile i h\u00e5ret \u2013 det var de smukke s\u00f8lvh\u00e5rsp\u00e6nder, som de grundtvigske kvinder bar i deres h\u00e5r som symbol p\u00e5, at de tilh\u00f8rte grundtvigianerne, der sad de, kvinderne, imens deres m\u00e6nd svedte i deres lidt for stramme stadst\u00f8j, der lugtede givetvis af en blanding af naftalin og duftene fra dyrene hjemme i stalden\u2026. I \u00e5ret 1922, kan vi se i de gamle protokoller, at v\u00e6ggene her i forsamlingshuset lyttede med p\u00e5 foredrag ved pastor Lundby, og h\u00f8jskoleforstander Andersen ligesom, der i 1922 var dilettant, missionsm\u00f8der, andespil, foderstofforeningen flere gange, koncert, m\u00f8der og generalforsamling \u2013 og videre &#8211; baller, h\u00f8stgilder, s\u00f8lvbryllup og begravelser og indvielsesfest for tilbygningen \u2013 ak ja, begravelser midt imellem alt det andet, som Misse M\u00f8ghe siger i Matador: \u201dMor ville absolut med til begravelsen, hun har jo s\u00e5 f\u00e5 adspredelser\u201d \u2013 og s\u00e5dan er det jo, begravelser har v\u00e6ret en naturlig del af landbolivet \u2013 ja, af livet \u2013 vi lukkede et vindue og lukkede straks et andet vindue p\u00e5 klem\u2026.<\/p>\n\n\n\n<p>Ja, v\u00e6ggene kan fort\u00e6lle os mangt og meget: Om gymnastikopvisninger, hvor gymnastikken givetvis har v\u00e6ret inspireret af den svenske digter og professor P.H. Lings nye tanker om legems\u00f8velser for unge m\u00e6nd \u2013 den lingske gymnastik vandt frem med stormskridt. V\u00e6ggene fort\u00e6ller videre om dilettantforestillinger, hvor der blev \u00f8vet vinteren igennem \u2013 koldt var det i det uopvarmede forsamlingshus, hvor de medvirkende sad med deres rolleh\u00e6fter og fors\u00f8gte at bladre, nogle med uldhandsker p\u00e5, imens andre havde lange halst\u00f8rkl\u00e6der viklet helt op til \u00f8rerne. V\u00e6ggene fort\u00e6ller videre om forestillingsaftenerne, hvor det sidste s\u00f8m blev sl\u00e5et i kulissen samtidig med at sminke, parykker og kostumer fl\u00f8j rundt fem minutter f\u00f8r tilskuerne fyldte salen op. Oppe bagved scenen i kulden fl\u00f8j sommerfuglene rundt i maven p\u00e5 de medvirkende, imens \u00e9n stod og kiggede skjult ud fra t\u00e6ppet og hviskede om, hvem der kom i salen. Hvor godt eller galt det kunne g\u00e5 bet\u00f8d ikke s\u00e5 meget, de medvirkende var elsket af publikum p\u00e5 forh\u00e5nd, fordi de var del af den lokale flok.<br><\/p>\n\n\n\n<p>Vi h\u00f8rer v\u00e6ggene hviske om juletr\u00e6sfester \u2013 sikken et myldrende liv af piger og drenge i deres fine julet\u00f8j og med r\u00f8de kinder. Om h\u00f8stgilder og om foreningsm\u00f8der, hvor det, der blev besluttet allerede fra st\u00f8beskeen fik betydning for det lokale liv. Om danseundervisning, hvor de allermindste havde sl\u00f8jfe p\u00e5 den ene sko, s\u00e5 de altid kunne kende forskel p\u00e5 h\u00f8jre og venstre. Skoene lyste af skosv\u00e6rte og hvidt Tit. Det var et helt afg\u00f8rende og nerv\u00f8st \u00f8jeblik, n\u00e5r drengene sad p\u00e5 b\u00e6nkene langs den ene v\u00e6g og pigerne langs den anden \u2013 for hvem ville komme hen for at inklinere?, hvem blev den dansetimes dansepartner?<\/p>\n\n\n\n<p>Hvis vi l\u00e6gger \u00f8ret lidt t\u00e6ttere til de hviskende v\u00e6gge, kan vi h\u00f8re: \u201dHvad skal du have for den her glassk\u00e5l? Tre kroner \u2013 det var dyrt, n\u00e5 men s\u00e5 skal du f\u00e5 den for to!\u201d Kendte ordvekslinger fra vores mange loppemarkeder. \u00d8lsmagninger, hvor vi h\u00f8rte om alt lige fra det tyske \u00f8l til det gode danske \u00f8l fra de sm\u00e5 opblomstrende lokale bryggerier, vi h\u00f8rer om aftener, hvor musikere og sangere m\u00f8dtes i musikken, der blev skabt i de genrer, der den aften var mulighed for ud fra de fremm\u00f8dtes stemmer og instrumenter. V\u00e6ggene fort\u00e6ller ogs\u00e5 om private fester, hvor egnens st\u00f8rste dagligstue gav mulighed for at invitere hele familien og vennekredsen, og de fort\u00e6ller om ungdomsfester, hvor de unge gjorde meget ud af at pynte sig p\u00e5 en tilsyneladende sk\u00f8desl\u00f8s m\u00e5de \u2013 men der var intet tilf\u00e6ldigt ved hverken t\u00f8jet, knallerterne eller bilerne \u2013 alt sammen var de en del af \u201duniformen\u201d \u2013 en del af festen og dr\u00f8mmen om k\u00e6resten, om sideblikke til ham eller hende, der var aftenens hotteste, om skjulte kys og en sm\u00f8g i smug og om en \u00f8l, der blev drukket slet skjult ude i h\u00e6kken \u2013 med stemninger, der svingede lige fra pigernes gr\u00e5d, n\u00e5r dr\u00f8mmen om den eneste ene brast til de sammes herlige hum\u00f8rh\u00f8jder, n\u00e5r det lykkedes! Jeg tror n\u00e6sten, at alle vi, der er samlet her i dag har gode minder fra fester her i forsamlingshuset \u2013 og det smukkeste billede i huset, er det billede, hvor alle generationer er velkomne og fester sammen. B\u00f8rnene har altid holdt deres helt egne, herlige sm\u00e5 private fester, imens deres for\u00e6ldre og bedstefor\u00e6ldre svingede sig til musikken. Hvordan kan vi videregive f\u00e6llesskabsf\u00f8lelsen og ansvarsf\u00f8lelsen overfor forsamlingshuset til vores b\u00f8rn? Den k\u00e6rlighed, der skal til overfor det f\u00e6lles hus kommer ogs\u00e5 i minderne om dejlig mad, fed musik, familie og venner og stemninger, der skabes i f\u00e6llesskabet!<\/p>\n\n\n\n<p>Et kig ind i fremtiden er ogs\u00e5 p\u00e5 sin plads i dag, hvor vi fejrer de f\u00f8rste 125 \u00e5r. Men inden fremtidsvisionerne et sidste tilbageblik i forsamlingshusets historie. I 1970 stillede bestyrelsen forslag om en evt. nedl\u00e6ggelse af forsamlingshuset! Det skete heldigvis ikke, det rejste tv\u00e6rtimod en gejst og kamp\u00e5nd imellem folkene omkring huset, s\u00e5 vi s\u00e5 flere aktiviteter i de f\u00f8lgende \u00e5r end l\u00e6nge set. M\u00e5ske er det netop truslen om at miste, der f\u00e5r os til at se, hvad vi har \u2013 nemlig noget af det k\u00e6reste i lokallivet!<\/p>\n\n\n\n<p>M\u00e5ske skulle forsamlingshuset slet ikke eksistere l\u00e6ngere. Det skulle m\u00e5ske have v\u00e6ret nedlagt i takt med lukninger af de sm\u00e5 landsbyskoler, den lokale k\u00f8bmand og brugsforeningen og bageren? I hvert fald er der ingen tvivl om, at en af de v\u00e6sentligste grunde til, at der er liv i de omkring 1.000 forsamlingshuse p\u00e5 Danmarkskortet i dag, er folkenes evne til at opfinde nye m\u00e5der at v\u00e6re sammen p\u00e5, efterh\u00e5nden som de traditionelle arrangementer forsvandt ud af forsamlingshuse og ind i samfundets \u00f8vrige kultur- og fritidstilbud. Der skal mere til at imponere folk end for bare 35 \u00e5r siden, men bare en f\u00e6lles fastelavnsfest kan v\u00e6re en stor begivenhed, der kan s\u00e6tte liv i andre konstruktive og kreative tanker og ideer. Og de tanker skal ikke n\u00f8dvendigvis b\u00e6res af traditionerne &#8211; nej, de skal afspejle den tid, hvor forsamlingshuset virker i nu. F\u00e6llesspisning er et godt eksempel p\u00e5 en samv\u00e6rsform, der passer godt ind i nutidens travle og \u201dmulti-taskende\u201d familieliv.<\/p>\n\n\n\n<p>Med de seneste ombygninger i 2004 med renoveringen af loftet i den store sal og afslibningen af gulvene i begge sale, med de nye vinduer fra 2008 og med tryllerierne i den lille sal her i 2009, er der med omsorg og med n\u00e6nsomhed overfor de gamle rammer s\u00f8rget for, at huset er i orden, og det skal det v\u00e6re i nutiden, hvor komfort er en del af de krav, vi stiller til de lokaler, vi f\u00e6rdes i.<br><\/p>\n\n\n\n<p>Lad os \u00f8nske, at vi fortsat kan blive ved med at fylde huset med forsamlingshusliv til tiden!<br>At vi magter at bevare den frihedsgrad, der har v\u00e6ret altafg\u00f8rende for at kunne virke i et frit uafh\u00e6ngigt rum, hvor tanker og ideer hurtigt kan blive til handlinger! Der er ingen tvivl om, at netop uafh\u00e6ngigheden g\u00f8r os st\u00e6rke, men naturligvis ogs\u00e5 mere \u00f8konomisk skr\u00f8belige. Lad os \u00f8nske, at m\u00e5ske netop de st\u00f8rre og mere uoverskuelige kommunale enheder betyder, at lokalbefolkningen igen kaster der blik imod det lokale liv.<\/p>\n\n\n\n<p class=\"has-text-align-center\">Her er s\u00e5 stille nu<br>og denne hvisken ta\u00b4r kun en stille form<br>ligesom en stilhed f\u00f8r en storm<br>Vi er sikker p\u00e5, at r\u00e5bet bli\u00b4r enormt.<br>S\u00e5 vidt vi ved er himlen bl\u00e5<br>og kursen Kap det gode H\u00e5b!<\/p>\n\n\n\n<p>Med storsejlene sat og en kurs fuld af h\u00e5b og optimisme, med gode ideer, stor arbejdsomhed \u2013 liv og glade dage for alle generationer, hvor vi agerer under ansvar og i f\u00e6llesskab &#8211; m\u00e5 det v\u00e6re vores fremtids\u00f8nske her i aften for, at forsamlingshusets fremtid m\u00e5 blive stor, st\u00e6rk og broget.<\/p>\n\n\n\n<p>Vil I rejse jer, s\u00e5 vi sammen kan udbringe et trefoldigt leve og en sk\u00e5l for B\u00f8gelunde forsamlingshus!<\/p>\n\n\n\n<p>Lis Eriksen Toelberg<\/p>\n\n\n\n<p><br><\/p>\n\n\n\n<p><br><\/p>\n\n\n\n<p><br><\/p>\n\n\n\n<p><br><\/p>\n","protected":false},"excerpt":{"rendered":"<p>Allerf\u00f8rst vil jeg takke bestyrelsen for den tillid I har vist mig ved at sp\u00f8rge, om jeg ville holde festtalen her iaften \u2013 en s\u00e5dan opfordring tog jeg imod med tak og med et ord, som m\u00e5ske ikke s\u00e5 ofte bruges i 2009 \u2013 nemlig med ydmyghed overfor opgaven: TAK, skal I have! Niels Frederik&#8230;<\/p>\n","protected":false},"author":3,"featured_media":0,"parent":0,"menu_order":0,"comment_status":"closed","ping_status":"closed","template":"","meta":{"_kadence_starter_templates_imported_post":false,"_kad_post_transparent":"","_kad_post_title":"","_kad_post_layout":"","_kad_post_sidebar_id":"","_kad_post_content_style":"","_kad_post_vertical_padding":"","_kad_post_feature":"","_kad_post_feature_position":"","_kad_post_header":false,"_kad_post_footer":false,"_kad_post_classname":"","footnotes":""},"class_list":["post-302","page","type-page","status-publish","hentry","gallery-content-unit"],"_links":{"self":[{"href":"https:\/\/xn--bgelundeforsamlingshus-5ic.dk\/index.php?rest_route=\/wp\/v2\/pages\/302","targetHints":{"allow":["GET"]}}],"collection":[{"href":"https:\/\/xn--bgelundeforsamlingshus-5ic.dk\/index.php?rest_route=\/wp\/v2\/pages"}],"about":[{"href":"https:\/\/xn--bgelundeforsamlingshus-5ic.dk\/index.php?rest_route=\/wp\/v2\/types\/page"}],"author":[{"embeddable":true,"href":"https:\/\/xn--bgelundeforsamlingshus-5ic.dk\/index.php?rest_route=\/wp\/v2\/users\/3"}],"replies":[{"embeddable":true,"href":"https:\/\/xn--bgelundeforsamlingshus-5ic.dk\/index.php?rest_route=%2Fwp%2Fv2%2Fcomments&post=302"}],"version-history":[{"count":1,"href":"https:\/\/xn--bgelundeforsamlingshus-5ic.dk\/index.php?rest_route=\/wp\/v2\/pages\/302\/revisions"}],"predecessor-version":[{"id":303,"href":"https:\/\/xn--bgelundeforsamlingshus-5ic.dk\/index.php?rest_route=\/wp\/v2\/pages\/302\/revisions\/303"}],"wp:attachment":[{"href":"https:\/\/xn--bgelundeforsamlingshus-5ic.dk\/index.php?rest_route=%2Fwp%2Fv2%2Fmedia&parent=302"}],"curies":[{"name":"wp","href":"https:\/\/api.w.org\/{rel}","templated":true}]}}