{"id":291,"date":"2022-05-17T19:38:12","date_gmt":"2022-05-17T18:38:12","guid":{"rendered":"https:\/\/xn--bgelundeforsamlingshus-5ic.dk\/?page_id=291"},"modified":"2022-06-20T17:52:55","modified_gmt":"2022-06-20T16:52:55","slug":"artikel-i-skaelskor-fra-1989-da-bogelunde-forsamlingshus-venner-blev-stiftet","status":"publish","type":"page","link":"https:\/\/xn--bgelundeforsamlingshus-5ic.dk\/?page_id=291","title":{"rendered":"Artikel i &#8220;Sk\u00e6lsk\u00f8r&#8221; fra 1989, da B\u00f8gelunde Forsamlingshus venner blev stiftet"},"content":{"rendered":"<div class=\"wp-block-image\">\n<figure class=\"aligncenter size-full\"><img loading=\"lazy\" decoding=\"async\" width=\"645\" height=\"994\" src=\"https:\/\/b\u00f8gelundeforsamlingshus.dk\/wp-content\/uploads\/2022\/05\/artikel_venner_1989.jpg\" alt=\"\" class=\"wp-image-292\" srcset=\"https:\/\/b\u00f8gelundeforsamlingshus.dk\/wp-content\/uploads\/2022\/05\/artikel_venner_1989.jpg 645w, https:\/\/b\u00f8gelundeforsamlingshus.dk\/wp-content\/uploads\/2022\/05\/artikel_venner_1989-195x300.jpg 195w\" sizes=\"auto, (max-width: 645px) 100vw, 645px\" \/><\/figure>\n<\/div>","protected":false},"excerpt":{"rendered":"","protected":false},"author":3,"featured_media":0,"parent":0,"menu_order":0,"comment_status":"closed","ping_status":"closed","template":"","meta":{"_kadence_starter_templates_imported_post":false,"_kad_post_transparent":"","_kad_post_title":"","_kad_post_layout":"","_kad_post_sidebar_id":"","_kad_post_content_style":"","_kad_post_vertical_padding":"","_kad_post_feature":"","_kad_post_feature_position":"","_kad_post_header":false,"_kad_post_footer":false,"_kad_post_classname":"","footnotes":""},"class_list":["post-291","page","type-page","status-publish","hentry","gallery-content-unit"],"_links":{"self":[{"href":"https:\/\/xn--bgelundeforsamlingshus-5ic.dk\/index.php?rest_route=\/wp\/v2\/pages\/291","targetHints":{"allow":["GET"]}}],"collection":[{"href":"https:\/\/xn--bgelundeforsamlingshus-5ic.dk\/index.php?rest_route=\/wp\/v2\/pages"}],"about":[{"href":"https:\/\/xn--bgelundeforsamlingshus-5ic.dk\/index.php?rest_route=\/wp\/v2\/types\/page"}],"author":[{"embeddable":true,"href":"https:\/\/xn--bgelundeforsamlingshus-5ic.dk\/index.php?rest_route=\/wp\/v2\/users\/3"}],"replies":[{"embeddable":true,"href":"https:\/\/xn--bgelundeforsamlingshus-5ic.dk\/index.php?rest_route=%2Fwp%2Fv2%2Fcomments&post=291"}],"version-history":[{"count":2,"href":"https:\/\/xn--bgelundeforsamlingshus-5ic.dk\/index.php?rest_route=\/wp\/v2\/pages\/291\/revisions"}],"predecessor-version":[{"id":323,"href":"https:\/\/xn--bgelundeforsamlingshus-5ic.dk\/index.php?rest_route=\/wp\/v2\/pages\/291\/revisions\/323"}],"wp:attachment":[{"href":"https:\/\/xn--bgelundeforsamlingshus-5ic.dk\/index.php?rest_route=%2Fwp%2Fv2%2Fmedia&parent=291"}],"curies":[{"name":"wp","href":"https:\/\/api.w.org\/{rel}","templated":true}]}}