{"id":276,"date":"2022-05-17T19:25:46","date_gmt":"2022-05-17T18:25:46","guid":{"rendered":"https:\/\/xn--bgelundeforsamlingshus-5ic.dk\/?page_id=276"},"modified":"2022-06-20T17:54:49","modified_gmt":"2022-06-20T16:54:49","slug":"en-sod-lille-tekst-fundet-under-dortrinet","status":"publish","type":"page","link":"https:\/\/xn--bgelundeforsamlingshus-5ic.dk\/?page_id=276","title":{"rendered":"En s\u00f8d lille tekst fundet under d\u00f8rtrinet"},"content":{"rendered":"\n<p class=\"has-text-align-center\">Forsamlingshusets lille indgangsparti fra gaden er ved at blive istandsat.<br>Og under d\u00f8rtrinet fandt man et br\u00e6t hvorp\u00e5 der stod skrevet f\u00f8lgende:<\/p>\n\n\n<div class=\"wp-block-image\">\n<figure class=\"aligncenter size-full\"><img loading=\"lazy\" decoding=\"async\" width=\"648\" height=\"382\" src=\"https:\/\/b\u00f8gelundeforsamlingshus.dk\/wp-content\/uploads\/2022\/05\/under_dortrinet.jpg\" alt=\"\" class=\"wp-image-277\" srcset=\"https:\/\/b\u00f8gelundeforsamlingshus.dk\/wp-content\/uploads\/2022\/05\/under_dortrinet.jpg 648w, https:\/\/b\u00f8gelundeforsamlingshus.dk\/wp-content\/uploads\/2022\/05\/under_dortrinet-300x177.jpg 300w\" sizes=\"auto, (max-width: 648px) 100vw, 648px\" \/><\/figure>\n<\/div>\n\n\n<p class=\"has-text-align-center\">Hvor er det dog en s\u00f8d lille skjult hilsen.<br> Det m\u00e5 v\u00e6re skrevet for mange \u00e5r siden. <br>M\u00e5ske helt tilbage fra da huset blev bygget? <br>Er der nogen der har kendt Lise Madsen eller ved noget om hvem hun var? <br>Hvor boede hun?<br> Hvilken tilknytning havde hun til B\u00f8gelunde Forsamlingshus?<\/p>\n","protected":false},"excerpt":{"rendered":"<p>Forsamlingshusets lille indgangsparti fra gaden er ved at blive istandsat.Og under d\u00f8rtrinet fandt man et br\u00e6t hvorp\u00e5 der stod skrevet f\u00f8lgende: Hvor er det dog en s\u00f8d lille skjult hilsen. Det m\u00e5 v\u00e6re skrevet for mange \u00e5r siden. M\u00e5ske helt tilbage fra da huset blev bygget? Er der nogen der har kendt Lise Madsen eller&#8230;<\/p>\n","protected":false},"author":3,"featured_media":0,"parent":0,"menu_order":0,"comment_status":"closed","ping_status":"closed","template":"","meta":{"_kadence_starter_templates_imported_post":false,"_kad_post_transparent":"","_kad_post_title":"","_kad_post_layout":"","_kad_post_sidebar_id":"","_kad_post_content_style":"","_kad_post_vertical_padding":"","_kad_post_feature":"","_kad_post_feature_position":"","_kad_post_header":false,"_kad_post_footer":false,"_kad_post_classname":"","footnotes":""},"class_list":["post-276","page","type-page","status-publish","hentry","gallery-content-unit"],"_links":{"self":[{"href":"https:\/\/xn--bgelundeforsamlingshus-5ic.dk\/index.php?rest_route=\/wp\/v2\/pages\/276","targetHints":{"allow":["GET"]}}],"collection":[{"href":"https:\/\/xn--bgelundeforsamlingshus-5ic.dk\/index.php?rest_route=\/wp\/v2\/pages"}],"about":[{"href":"https:\/\/xn--bgelundeforsamlingshus-5ic.dk\/index.php?rest_route=\/wp\/v2\/types\/page"}],"author":[{"embeddable":true,"href":"https:\/\/xn--bgelundeforsamlingshus-5ic.dk\/index.php?rest_route=\/wp\/v2\/users\/3"}],"replies":[{"embeddable":true,"href":"https:\/\/xn--bgelundeforsamlingshus-5ic.dk\/index.php?rest_route=%2Fwp%2Fv2%2Fcomments&post=276"}],"version-history":[{"count":4,"href":"https:\/\/xn--bgelundeforsamlingshus-5ic.dk\/index.php?rest_route=\/wp\/v2\/pages\/276\/revisions"}],"predecessor-version":[{"id":327,"href":"https:\/\/xn--bgelundeforsamlingshus-5ic.dk\/index.php?rest_route=\/wp\/v2\/pages\/276\/revisions\/327"}],"wp:attachment":[{"href":"https:\/\/xn--bgelundeforsamlingshus-5ic.dk\/index.php?rest_route=%2Fwp%2Fv2%2Fmedia&parent=276"}],"curies":[{"name":"wp","href":"https:\/\/api.w.org\/{rel}","templated":true}]}}