{"id":17,"date":"2022-02-19T21:53:20","date_gmt":"2022-02-19T20:53:20","guid":{"rendered":"http:\/\/xn--bgelundeforsamlingshus-5ic.dk\/?page_id=17"},"modified":"2026-01-11T13:33:29","modified_gmt":"2026-01-11T12:33:29","slug":"booking-af-forsamlingshuet","status":"publish","type":"page","link":"https:\/\/xn--bgelundeforsamlingshus-5ic.dk\/?page_id=17","title":{"rendered":"Booking af forsamlingshuset"},"content":{"rendered":"\n<figure class=\"wp-block-table is-style-stripes\"><table class=\"has-theme-palette-9-background-color has-background\"><tbody><tr><td><strong>Hvem kan leje huset?<\/strong><\/td><\/tr><tr><td>Alle der accepterer husets reglement kan leje det. Det kr\u00e6ver ikke medlemskab af foreningen.<br><br>Interi\u00f8rer:<br>Stole og service til 100 personer.<br>20 borde 80 cm x 180 cm og 3 borde 80 cm x 120 cm<br>4 h\u00f8je stole til b\u00f8rn \/ en bar p\u00e5 hjul<br>D\u00f8r \u00e5bning til toilettet er 76 cm \/ rampe til indgangsd\u00f8r findes.<br>Der forefindes h\u00e5nds\u00e6be, papirh\u00e5ndkl\u00e6der, toiletpapir.<br>Medbring selv: engangsklude, viskestykker, klare affaldss\u00e6kke(restaffald).<br>Plastposer og bokse til overskydende mad.<br>Gr\u00f8nne poser til organisk affald f\u00f8lger med &#8211; Bem\u00e6rk \u2013 der skal affalds sorteres!<br><br>Dog lejes huset ikke ud til umyndige personer, 18 \u00e5rs f\u00f8dselsdage, klassefester, skoleafslutninger, ungdomsarrangementer o.l. Heller ikke selv om der er voksne til stede. Huset lejes ikke ud nyt\u00e5rsaften.<br><br><strong>Sp\u00f8rgsm\u00e5l vedr. udlejning<\/strong> <strong>kan mailes til<\/strong> : <a href=\"mailto:booking@bfhus.dk\">booking (@) bfhus.dk<\/a><br>mails bliver tjekket som minimum en gang om ugen. <br>Har du lavet en forspr\u00f8gers p\u00e5 en dato, kan det ikke bookes af andre f\u00f8r du har f\u00e5et svar.<br><\/td><\/tr><\/tbody><\/table><\/figure>\n\n\n\n<figure class=\"wp-block-table is-style-stripes\"><table><tbody><tr><td class=\"has-text-align-left\" data-align=\"left\"><strong>Priser for leje af Forsamlingshuset:<\/strong><br><\/td><\/tr><tr><td class=\"has-text-align-left\" data-align=\"left\">Lejem\u00e5let g\u00e5r fra <strong>kl. 08:00 <\/strong>til <strong>kl. 04:00<\/strong> (Hvis ikke andet er aftalt)<\/td><\/tr><tr><td class=\"has-text-align-left\" data-align=\"left\">Hele huset (80 personer &#8211; 90 personer (s\u00e5 sidder man t\u00e6t))<\/td><td>&nbsp;<\/td><td>Kr. 3.100,00<\/td><\/tr><tr><td class=\"has-text-align-left\" data-align=\"left\">Lille sal (noteres i bem\u00e6rkninger, hvis kun lille sal \u00f8nskes booket, plads til 30 personer \/ kan lejes separat)<\/td><td>&nbsp;<\/td><td>Kr. 1.900,00<\/td><\/tr><tr><td class=\"has-text-align-left\" data-align=\"left\">Lejen er inklusiv reng\u00f8ring.<br><br>Hvis der \u00f8nskes en ekstra dag i forbindelse med et lejem\u00e5let, kan det lade sig g\u00f8re til reduceret pris.<br>(G\u00e6lder kun for hele huset)<\/td><\/tr><tr><td class=\"has-text-align-left\" data-align=\"left\">Ekstra dag f\u00f8r og efter <\/td><td>&nbsp;<\/td><td> Kr. 500,00<\/td><\/tr><tr><td class=\"has-text-align-left\" data-align=\"left\"><strong>Bestyrelsen forbeholder sig ret til at \u00e6ndre prisen for leje. Bem\u00e6rk at din booking ikke fastl\u00e5ser prisen, medmindre du forudbetaler hele lejen, sammen med depositum.<\/strong><br><br>Hvis du \u00f8nsker huset\/lille sal dagen f\u00f8r fra kl. 18.00, skal du ogs\u00e5 booke den, og s\u00e5 skrive i bem\u00e6rkningerne at du kun \u00f8nsker det fra <strong>kl. 18<\/strong> dagen f\u00f8r festen mod at betale kr. 500,00<br>Det samme g\u00e6lder for dagen efter til kl. 12.00. Book ogs\u00e5 dagen efter, og skriv i bem\u00e6rkningerne, at du kun \u00f8nsker huset til <strong>kl. 12 <\/strong>dagen efter festen, mod at betale kr. 500,00<br>S\u00e5ledes koster det alts\u00e5 kr. 1.000,00 at leje b\u00e5de dagen f\u00f8r <strong>(fra kl. 18)<\/strong> og dagen efter <strong>(til kl. 12)<\/strong><\/td><td>&nbsp;<\/td><td><\/td><\/tr><\/tbody><\/table><\/figure>\n\n\n\n<figure class=\"wp-block-table is-style-stripes\"><table><tbody><tr><td>Leje af gr\u00f8nne duge til alle borde (tilf\u00f8jes i bem\u00e6rkninger)<\/td><td class=\"has-text-align-right\" data-align=\"right\">        Kr. 840,00          <\/td><\/tr><tr><td>Leje af Soundboks (tilf\u00f8jes i bem\u00e6rkninger)<\/td><td class=\"has-text-align-right\" data-align=\"right\">          Kr. 200,00          <\/td><\/tr><\/tbody><\/table><\/figure>\n\n\n\n<figure class=\"wp-block-table is-style-stripes\"><table><tbody><tr><td><strong>Betaling:<\/strong><\/td><\/tr><tr><td>Der indbetales Kr. 800,00 i depositum, senest en uge efter aftalen er indg\u00e5et.<br>Depositummet tilbagebetales efter endt lejem\u00e5l, s\u00e5fremt huset afleveres i overensstemmelse med husets regler, og s\u00e5fremt intet skal erstattes.<br><strong>Hvis depositumt \u00f8nskes retur, noteres kontonummer ved indbetaling.<\/strong><br>Konto nr. til indbetaling og regler for leje af huset tilsendes pr. E-mail. <br>Lejen af hele huset, skal v\u00e6re betalt inden n\u00f8glen kan udleveres.<br><\/td><\/tr><tr><td><strong><br>Erstatning:<\/strong><\/td><\/tr><tr><td>Lejeren er erstatningspligtig i tilf\u00e6lde af skader p\u00e5 husets bygninger og inventar mv.<br>Det forventes, at lejeren selv henvender sig til bestyrelsen, n\u00e5r der er sket en skade.<br>Skader vil derefter blive udbedret, prisen fratr\u00e6kkes depositummet, om n\u00f8dvendigt sendes efterregning til lejer.<br><\/td><\/tr><\/tbody><\/table><figcaption class=\"wp-element-caption\"><strong>Book huset her<\/strong><\/figcaption><\/figure>\n\n\n\n<div class=\"wp-block-booking-booking\"> <div id=\"form_id1526101066460\" class=\"wpbc_container wpbc_form wpbc_container_booking_form \" ><form id=\"booking_form1\" class=\"booking_form vertical\" method=\"post\" action=\"\"><div id=\"ajax_respond_insert1\" class=\"ajax_respond_insert\" style=\"display:none;\"><\/div><a name=\"bklnk1\" id=\"bklnk1\"><\/a><div id=\"booking_form_div1\" class=\"booking_form_div\"><style type=\"text\/css\">.wpbc_container_booking_form .block_hints, .wpbc_booking_form_simple.wpbc_form_center .wpbc__form__div .wpbc__row.wpbc_r_calendar, .wpbc_booking_form_simple .wpbc__form__div .wpbc__row:not(.wpbc_r_calendar){max-width:440px;} <\/style>\n<div class=\"wpbc_booking_form_simple \">\n<div class=\"wpbc__form__div\">\n\t\t\t<div class=\"wpbc_r_calendar wpbc__row\">\n\t\t\t\t<div class=\"wpbc_r_calendar wpbc__field\"> <label><\/label><br><div class=\"wpbc_calendar_wraper wpbc_change_over_triangle wpbc_calendar_skin_legacy\"><div class=\"wpbc_cal_container bk_calendar_frame wpbc_no_custom_width  months_num_in_row_ cal_month_num_1 wpbc_timeslot_day_bg_as_available\" style=\"\"><div id=\"calendar_booking1\"  class=\"wpbc_calendar_id_1\" >\t<div class=\"calendar_loader_frame calendar_loader_frame1\"\r\n\t\tdata-wpbc-rid=\"1\"\r\n\t\tdata-wpbc-grace=\"8000\"\r\n\t\tstyle=\"--wpbc-loader-cols: 1;\"\r\n\t>\r\n\t\t<div class=\"calendar_loader_text\">Indl\u00e6ser...<\/div>\r\n\t\t<div class=\"calendar_loader_frame__progress_line_container\">\r\n\t\t\t<div class=\"calendar_loader_frame__progress_line\"><\/div>\r\n\t\t<\/div>\r\n\t<\/div>\r\n\t<\/div><\/div><div style=\"font-size:7px;text-align:left;margin:0 0 10px;text-shadow: none;\">Powered by <a href=\"https:\/\/wpbookingcalendar.com\" style=\"font-size:7px;\" target=\"_blank\" title=\"Booking Calendar plugin for WordPress\">Booking Calendar<\/a><\/div><textarea id=\"date_booking1\" name=\"date_booking1\" autocomplete=\"off\" style=\"display:none;\"><\/textarea><div class=\"block_hints datepick \"><div class=\"wpdev_hint_with_text\"><div class=\"\"><div class=\"datepick-inline wpbc_calendar_legend_table_width_height\"><table class=\"datepick wpbc_calendar\" style=\"\"><tbody><tr><td class=\"datepick-days-cell date_available wpbc_calendar_legend_day_cell_height\"><div class=\"wpbc-cell-box\">\t<div class=\"date-cell-content\">\t\t<div class=\"date-content-top\"><\/div>\t\t<a>&nbsp;<\/a>\t\t<div class=\"date-content-bottom\"><\/div>\t<\/div><\/div><\/td><\/tr><\/tbody><\/table><\/div><\/div><div class=\"block_text\">- <\/div><div class=\"block_text\">Ledig<\/div><\/div><div class=\"wpdev_hint_with_text\"><div class=\"\"><div class=\"datepick-inline wpbc_calendar_legend_table_width_height\"><table class=\"datepick wpbc_calendar\" style=\"\"><tbody><tr><td class=\"datepick-days-cell datepick-unselectable date_user_unavailable full_day_booking date_approved wpbc_calendar_legend_day_cell_height\"><div class=\"wpbc-cell-box\">\t<div class=\"date-cell-content\">\t\t<div class=\"date-content-top\"><\/div>\t\t<span>&nbsp;<\/span>\t\t<div class=\"date-content-bottom\"><\/div>\t<\/div><\/div><\/td><\/tr><\/tbody><\/table><\/div><\/div><div class=\"block_text\">- <\/div><div class=\"block_text\">Reserveret<\/div><\/div><div class=\"wpdev_hint_with_text\"><div class=\"\"><div class=\"datepick-inline wpbc_calendar_legend_table_width_height\"><table class=\"datepick wpbc_calendar\" style=\"\"><tbody><tr><td class=\"datepick-days-cell datepick-unselectable date_user_unavailable full_day_booking date2approve wpbc_calendar_legend_day_cell_height\"><div class=\"wpbc-cell-box\">\t<div class=\"date-cell-content\">\t\t<div class=\"date-content-top\"><\/div>\t\t<span>&nbsp;<\/span>\t\t<div class=\"date-content-bottom\"><\/div>\t<\/div><\/div><\/td><\/tr><\/tbody><\/table><\/div><\/div><div class=\"block_text\">- <\/div><div class=\"block_text\">Afventer<\/div><\/div><div class=\"wpdev_hint_with_text\"><div class=\"\"><span class=\" wpbc_timeslot_day_bg_as_available wpbc_change_over_triangle\"><div class=\"datepick-inline wpbc_calendar_legend_table_width_height\"><table class=\"datepick wpbc_calendar\" style=\"\"><tbody><tr><td class=\"datepick-days-cell date_available date2approve timespartly times_clock wpbc_calendar_legend_day_cell_height\"><div class=\"wpbc-cell-box\">\t<div class=\"wpbc-diagonal-el\">\t\t<div class=\"wpbc-co-out\"><svg height=\"100%\" width=\"100%\" viewBox=\"0 0 100 100\" preserveAspectRatio=\"none\"><polygon points=\"0,0 0,99 99,0\"><\/polygon><polygon points=\"0,0 0,100 49,100 49,0\"><\/polygon><\/svg><\/div>\t\t<div class=\"wpbc-co-in\"><svg height=\"100%\" width=\"100%\" viewBox=\"0 0 98 98\" preserveAspectRatio=\"none\"><polygon points=\"0,99 99,99 99,0\"><\/polygon><polygon points=\"50,98 98,98 98,0 50,0\"><\/polygon><\/svg><\/div>\t<\/div>\t<div class=\"date-cell-content\">\t\t<div class=\"date-content-top\"><div class=\"wpbc_time_dots\">\u00b7<\/div><\/div>\t\t<a>&nbsp;<\/a>\t\t<div class=\"date-content-bottom\"><\/div>\t<\/div><\/div><\/td><\/tr><\/tbody><\/table><\/div><\/span><\/div><div class=\"block_text\">- <\/div><div class=\"block_text\">Partially booked<\/div><\/div><\/div><\/div> <\/div>\n\t\t\t<\/div>\n\t\t\t<div class=\"wpbc__row\">\n\t\t\t\t<div class=\"wpbc_r_email wpbc__field\"> <label>Email*<\/label><br><span class=\"wpbc_wrap_text wpdev-form-control-wrap email1\"><input type=\"email\" name=\"email1\" value=\"\" autocomplete=\"email\" class=\"wpdev-validates-as-email wpdev-validates-as-required\" size=\"40\" \/><\/span> <\/div>\n\t\t\t<\/div>\n\t\t\t<div class=\"wpbc__row\">\n\t\t\t\t<div class=\"wpbc_r_name wpbc__field\"> <label>Navn*<\/label><br><span class=\"wpbc_wrap_text wpdev-form-control-wrap name1\"><input type=\"text\" name=\"name1\" value=\"\" autocomplete=\"name\" class=\"wpdev-validates-as-required\" size=\"40\" \/><\/span> <\/div>\n\t\t\t<\/div>\n\t\t\t<div class=\"wpbc__row\">\n\t\t\t\t<div class=\"wpbc_r_secondname wpbc__field\"> <label>Address*<\/label><br><span class=\"wpbc_wrap_text wpdev-form-control-wrap secondname1\"><input type=\"text\" name=\"secondname1\" value=\"\" autocomplete=\"secondname\" class=\"wpdev-validates-as-required\" size=\"40\" \/><\/span> <\/div>\n\t\t\t<\/div>\n\t\t\t<div class=\"wpbc__row\">\n\t\t\t\t<div class=\"wpbc_r_phone wpbc__field\"> <label>Telefonnummer*<\/label><br><span class=\"wpbc_wrap_text wpdev-form-control-wrap phone1\"><input type=\"text\" name=\"phone1\" value=\"\" autocomplete=\"phone\" class=\"wpdev-validates-as-required\" size=\"40\" \/><\/span> <\/div>\n\t\t\t<\/div>\n\t\t\t<div class=\"wpbc__row\">\n\t\t\t\t<div class=\"wpbc_r_details wpbc__field\"> <label>Anledning*<\/label><br><span class=\"wpbc_wrap_textarea wpdev-form-control-wrap details1\"><textarea name=\"details1\" autocomplete=\"details\" class=\"wpdev-validates-as-required\"><\/textarea><\/span> <\/div>\n\t\t\t<\/div>\n\t\t\t<div class=\"wpbc__row\">\n\t\t\t\t<div class=\"wpbc_r_bemarkeringer wpbc__field\"> <label>Bem\u00e6rkeringer<\/label><br><span class=\"wpbc_wrap_text wpdev-form-control-wrap bemarkeringer1\"><input type=\"text\" name=\"bemarkeringer1\" value=\"\" autocomplete=\"bemarkeringer\" size=\"40\" \/><\/span> <\/div>\n\t\t\t<\/div>\n\t\t\t<div class=\"wpbc__row\">\n\t\t\t\t<div class=\"wpbc_r_captcha wpbc__field\"> <label><\/label><br><span class=\"wpbc_text_captcha_container wpdev-form-control-wrap \"><input  autocomplete=\"off\" type=\"hidden\" name=\"wpdev_captcha_challenge_1\"  id=\"wpdev_captcha_challenge_1\" value=\"3424395767\" \/><input  autocomplete=\"off\" type=\"text\" class=\"captachinput\" value=\"\" name=\"captcha_input1\" id=\"captcha_input1\" \/><img decoding=\"async\" class=\"captcha_img\"  id=\"captcha_img1\" alt=\"To show CAPTCHA, please deactivate cache plugin or exclude this page from caching or disable CAPTCHA at WP Booking Calendar - Settings General page in Form Options section.\" src=\"https:\/\/b\u00f8gelundeforsamlingshus.dk\/wp-content\/plugins\/booking\/js\/captcha\/tmp\/3424395767.png\" \/><\/span> <\/div>\n\t\t\t<\/div>\n\t\t\t<div class=\"wpbc__row\">\n\t\t\t\t<div class=\"wpbc_r_submit wpbc__field\"><input type=\"button\" value=\"Send\" class=\"wpbc_button_light  btn btn\" onclick=\"wpbc_booking_form_submit(this.form,1, 'da_DK');\" \/> <\/div>\n\t\t\t<\/div>\n<\/div>\n<\/div><input id=\"bk_type1\" name=\"bk_type1\" class=\"\" type=\"hidden\" value=\"1\" \/><\/div><div id=\"submiting1\"><\/div><div class=\"form_bk_messages\" id=\"form_bk_messages1\" ><\/div><input type=\"hidden\" id=\"wpbc_nonceCALCULATE_THE_COST1\" name=\"wpbc_nonceCALCULATE_THE_COST1\" value=\"230280823f\" \/><input type=\"hidden\" name=\"_wp_http_referer\" value=\"\/index.php?rest_route=%2Fwp%2Fv2%2Fpages%2F17\" \/><\/form><\/div><div id=\"booking_form_garbage1\" class=\"booking_form_garbage\"><\/div> <\/div>\n","protected":false},"excerpt":{"rendered":"<p>Hvem kan leje huset? Alle der accepterer husets reglement kan leje det. Det kr\u00e6ver ikke medlemskab af foreningen. Interi\u00f8rer:Stole og service til 100 personer.20 borde 80 cm x 180 cm og 3 borde 80 cm x 120 cm4 h\u00f8je stole til b\u00f8rn \/ en bar p\u00e5 hjulD\u00f8r \u00e5bning til toilettet er 76 cm \/ rampe&#8230;<\/p>\n","protected":false},"author":2,"featured_media":0,"parent":0,"menu_order":0,"comment_status":"closed","ping_status":"closed","template":"","meta":{"_kadence_starter_templates_imported_post":false,"_kad_post_transparent":"","_kad_post_title":"","_kad_post_layout":"","_kad_post_sidebar_id":"","_kad_post_content_style":"","_kad_post_vertical_padding":"","_kad_post_feature":"","_kad_post_feature_position":"","_kad_post_header":false,"_kad_post_footer":false,"_kad_post_classname":"","footnotes":""},"class_list":["post-17","page","type-page","status-publish","hentry","gallery-content-unit"],"_links":{"self":[{"href":"https:\/\/xn--bgelundeforsamlingshus-5ic.dk\/index.php?rest_route=\/wp\/v2\/pages\/17","targetHints":{"allow":["GET"]}}],"collection":[{"href":"https:\/\/xn--bgelundeforsamlingshus-5ic.dk\/index.php?rest_route=\/wp\/v2\/pages"}],"about":[{"href":"https:\/\/xn--bgelundeforsamlingshus-5ic.dk\/index.php?rest_route=\/wp\/v2\/types\/page"}],"author":[{"embeddable":true,"href":"https:\/\/xn--bgelundeforsamlingshus-5ic.dk\/index.php?rest_route=\/wp\/v2\/users\/2"}],"replies":[{"embeddable":true,"href":"https:\/\/xn--bgelundeforsamlingshus-5ic.dk\/index.php?rest_route=%2Fwp%2Fv2%2Fcomments&post=17"}],"version-history":[{"count":34,"href":"https:\/\/xn--bgelundeforsamlingshus-5ic.dk\/index.php?rest_route=\/wp\/v2\/pages\/17\/revisions"}],"predecessor-version":[{"id":522,"href":"https:\/\/xn--bgelundeforsamlingshus-5ic.dk\/index.php?rest_route=\/wp\/v2\/pages\/17\/revisions\/522"}],"wp:attachment":[{"href":"https:\/\/xn--bgelundeforsamlingshus-5ic.dk\/index.php?rest_route=%2Fwp%2Fv2%2Fmedia&parent=17"}],"curies":[{"name":"wp","href":"https:\/\/api.w.org\/{rel}","templated":true}]}}