{"id":107,"date":"2022-04-03T16:59:45","date_gmt":"2022-04-03T15:59:45","guid":{"rendered":"http:\/\/bogelundeforsamlingshus.dk\/?page_id=107"},"modified":"2025-09-05T14:34:04","modified_gmt":"2025-09-05T13:34:04","slug":"historie","status":"publish","type":"page","link":"https:\/\/xn--bgelundeforsamlingshus-5ic.dk\/?page_id=107","title":{"rendered":"Historie"},"content":{"rendered":"\n<p class=\"has-text-align-center has-medium-font-size\"><strong>Historie<\/strong><br>Nostalgi og gamle foto fra B\u00f8gelunde Forsamlingshus<\/p>\n\n\n\n<p class=\"has-text-align-left\"><a href=\"https:\/\/b\u00f8gelundeforsamlingshus.dk\/?page_id=500\" data-type=\"link\" data-id=\"https:\/\/b\u00f8gelundeforsamlingshus.dk\/?page_id=500\">Nyt gulv og varmeanl\u00e6g i 2025<\/a><br><a href=\"https:\/\/xn--bgelundeforsamlingshus-5ic.dk\/?page_id=268\">De f\u00f8rste Love for B\u00f8gelunde Forsamlingshus og et andelsbevis fra 1884<\/a><br><a href=\"https:\/\/xn--bgelundeforsamlingshus-5ic.dk\/?page_id=276\">En s\u00f8d lille tekst fundet under d\u00f8rtrinet<\/a><br><a href=\"https:\/\/xn--bgelundeforsamlingshus-5ic.dk\/?page_id=282\">Tale og annonce i &#8220;Sk\u00e6lsk\u00f8r&#8221; til forsamlingshusets 50 \u00e5rs Jubil\u00e6umsfest den 24. oktober 1934<\/a><br><a href=\"https:\/\/xn--bgelundeforsamlingshus-5ic.dk\/?page_id=291\">Artikel i &#8220;Sk\u00e6lsk\u00f8r&#8221; fra 1989, da B\u00f8gelunde Forsamlingshus venner blev stiftet<\/a><br><a href=\"https:\/\/xn--bgelundeforsamlingshus-5ic.dk\/?page_id=295\">Avisartikler med foto fra teaterforestillinger i forsamlingshuset<\/a><br><a href=\"https:\/\/xn--bgelundeforsamlingshus-5ic.dk\/?page_id=302\">Tale i forbindelse med forsamlingshusets 125 \u00e5rs Jubil\u00e6um<\/a><br><a href=\"https:\/\/xn--bgelundeforsamlingshus-5ic.dk\/?page_id=305\">Omtale i Sk\u00e6lsk\u00f8r Avis ved forsamlingshusets 125 \u00e5rs Jubil\u00e6um<\/a><br><a href=\"https:\/\/xn--bgelundeforsamlingshus-5ic.dk\/?page_id=308\">B\u00f8gelunde Forsamlingshus kostede 2.041,90 i 1884<\/a><\/p>\n\n\n\n<p class=\"has-text-align-left\">Links om B\u00f8gelunde forsalingshus.<\/p>\n\n\n\n<p class=\"has-text-align-left\"><a href=\"https:\/\/erikpetersen.be\/?page_id=20712\" target=\"_blank\" rel=\"noreferrer noopener\">Erik Petersens hjemmeside &#8211; B\u00f8gelunde Forsamlingshus og mejeri<\/a><br><a href=\"https:\/\/erikpetersen.be\/?page_id=20712\" target=\"_blank\" rel=\"noreferrer noopener\">Erik Petersens hjemmeside &#8211; Guldbryllup i B\u00f8gelunde 1913<\/a><br><a href=\"https:\/\/erikpetersen.be\/?page_id=20712\" target=\"_blank\" rel=\"noreferrer noopener\">Erik Petersens hjemmeside &#8211; Fastelavnsridning i 1948<\/a><br><a href=\"https:\/\/sn.dk\/Slagelse\/Fuldt-hus-i-Boegelunde\/artikel\/721780\">Fuldt hus i B\u00f8gelunde <\/a><a rel=\"noreferrer noopener\" href=\"https:\/\/sn.dk\/Slagelse\/Fuldt-hus-i-Boegelunde\/artikel\/721780\" target=\"_blank\">Forsamlingshus<\/a><a href=\"https:\/\/sn.dk\/Slagelse\/Fuldt-hus-i-Boegelunde\/artikel\/721780\"> &#8211; Musikalsk Aften den 2. februar 2018<\/a><br><br><\/p>\n\n\n\n<p><\/p>\n","protected":false},"excerpt":{"rendered":"<p>HistorieNostalgi og gamle foto fra B\u00f8gelunde Forsamlingshus Nyt gulv og varmeanl\u00e6g i 2025De f\u00f8rste Love for B\u00f8gelunde Forsamlingshus og et andelsbevis fra 1884En s\u00f8d lille tekst fundet under d\u00f8rtrinetTale og annonce i &#8220;Sk\u00e6lsk\u00f8r&#8221; til forsamlingshusets 50 \u00e5rs Jubil\u00e6umsfest den 24. oktober 1934Artikel i &#8220;Sk\u00e6lsk\u00f8r&#8221; fra 1989, da B\u00f8gelunde Forsamlingshus venner blev stiftetAvisartikler med foto fra&#8230;<\/p>\n","protected":false},"author":3,"featured_media":0,"parent":0,"menu_order":0,"comment_status":"closed","ping_status":"closed","template":"","meta":{"_kadence_starter_templates_imported_post":false,"_kad_post_transparent":"","_kad_post_title":"","_kad_post_layout":"","_kad_post_sidebar_id":"","_kad_post_content_style":"","_kad_post_vertical_padding":"","_kad_post_feature":"","_kad_post_feature_position":"","_kad_post_header":false,"_kad_post_footer":false,"_kad_post_classname":"","footnotes":""},"class_list":["post-107","page","type-page","status-publish","hentry","gallery-content-unit"],"_links":{"self":[{"href":"https:\/\/xn--bgelundeforsamlingshus-5ic.dk\/index.php?rest_route=\/wp\/v2\/pages\/107","targetHints":{"allow":["GET"]}}],"collection":[{"href":"https:\/\/xn--bgelundeforsamlingshus-5ic.dk\/index.php?rest_route=\/wp\/v2\/pages"}],"about":[{"href":"https:\/\/xn--bgelundeforsamlingshus-5ic.dk\/index.php?rest_route=\/wp\/v2\/types\/page"}],"author":[{"embeddable":true,"href":"https:\/\/xn--bgelundeforsamlingshus-5ic.dk\/index.php?rest_route=\/wp\/v2\/users\/3"}],"replies":[{"embeddable":true,"href":"https:\/\/xn--bgelundeforsamlingshus-5ic.dk\/index.php?rest_route=%2Fwp%2Fv2%2Fcomments&post=107"}],"version-history":[{"count":16,"href":"https:\/\/xn--bgelundeforsamlingshus-5ic.dk\/index.php?rest_route=\/wp\/v2\/pages\/107\/revisions"}],"predecessor-version":[{"id":504,"href":"https:\/\/xn--bgelundeforsamlingshus-5ic.dk\/index.php?rest_route=\/wp\/v2\/pages\/107\/revisions\/504"}],"wp:attachment":[{"href":"https:\/\/xn--bgelundeforsamlingshus-5ic.dk\/index.php?rest_route=%2Fwp%2Fv2%2Fmedia&parent=107"}],"curies":[{"name":"wp","href":"https:\/\/api.w.org\/{rel}","templated":true}]}}