{"id":105,"date":"2022-04-03T16:59:06","date_gmt":"2022-04-03T15:59:06","guid":{"rendered":"http:\/\/bogelundeforsamlingshus.dk\/?page_id=105"},"modified":"2022-06-20T17:56:18","modified_gmt":"2022-06-20T16:56:18","slug":"vedtaegter","status":"publish","type":"page","link":"https:\/\/xn--bgelundeforsamlingshus-5ic.dk\/?page_id=105","title":{"rendered":"Vedt\u00e6gter"},"content":{"rendered":"\n<p class=\"has-text-align-center has-medium-font-size\"><strong>\u00a7 1. Navn og hjemsted.<\/strong><\/p>\n\n\n\n<p>Foreningens navn er,<br>B\u00f8gelunde Forsamlingshus,<br>beliggende p\u00e5 Snedinge-M\u00f8llevej 22,<br>B\u00f8gelunde, 4230 Sk\u00e6lsk\u00f8r<br>i Slagelse Kommune.<\/p>\n\n\n\n<p class=\"has-text-align-center has-medium-font-size\"><strong>\u00a7 2. Form\u00e5l.<\/strong><\/p>\n\n\n\n<p>Foreningens form\u00e5l er at drive og opretholde B\u00f8gelunde Forsamlingshus som almennyttigt, lokalt samlingssted efter de stedlige behov for arrangementer og f\u00e6lles aktiviteter af kulturel, foreningsm\u00e6ssig, politisk og selskabelig art. Foreningen underst\u00f8tter samh\u00f8righeden og f\u00e6llesskabet mellem omr\u00e5dets beboere.<\/p>\n\n\n\n<p class=\"has-text-align-center has-medium-font-size\"><strong>\u00a7 3. Medlemmer.<\/strong><\/p>\n\n\n\n<p>Medlemskabet er personligt p\u00e5 navn. Medlemmer er dem, som efter denne vedt\u00e6gt, har k\u00f8bt et eller flere medlemsbeviser, eller som har k\u00f8bt et andelsbevis under de tidligere vedt\u00e6gter. Disse beviser er i enhver henseende ligestillet indenfor denne vedt\u00e6gts rammer uanset ordlyden p\u00e5 tidligere udstedte beviser.<\/p>\n\n\n\n<p>Udstedte, medlemsbeviser kan ikke overdrages ved arv, gave eller p\u00e5 anden m\u00e5de handles. Generalforsamlingen kan beslutte, at medlemmerne skal betale \u00e5rskontingent, som er en betingelse for fortsat medlemskab. Bestyrelsen f\u00f8rer protokol over samtlige medlemmer. Her anf\u00f8res navn og adresse. Ved adresse\u00e6ndring har medlemmerne pligt til at meddele foreningen den nye adresse. Hvis et brev sendt til medlemmets seneste adresse returneres uden oplysning om den nye adresse, kan bestyrelsen slette medlemskabet.<\/p>\n\n\n\n<p class=\"has-text-align-center has-medium-font-size\"><strong>\u00a7 4. Bestyrelsen.<\/strong><\/p>\n\n\n\n<p><strong>Stk. 1:<\/strong><\/p>\n\n\n\n<p>Foreningen ledes af en bestyrelse p\u00e5 7 medlemmer, som er valgt for en periode p\u00e5 2 \u00e5r, s\u00e5 de skiftevis er p\u00e5 valg, 3 medlemmer i ulige \u00e5rstal og 4 medlemmer i lige \u00e5rstal. Bestyrelsen konstituerer sig selv senest 8 dage efter generalforsamlingen med formand, n\u00e6stformand, kasserer og sekret\u00e6r, dog kan kasseren v\u00e6lges uden for bestyrelsen. P\u00e5 generalforsamlingen v\u00e6lges desuden 1 f\u00f8rste og 1 anden bestyrelsessuppleant for 1 \u00e5r. Der v\u00e6lges desuden 2 bilagskontrolanter og en bilagskontrollantsuppleant for 1 \u00e5r.. Genvalg kan finde sted.<\/p>\n\n\n\n<p><strong>Stk. 2:<\/strong><\/p>\n\n\n\n<p>Afg\u00f8relser i bestyrelsen kr\u00e6ver, at over halvdelen af den samlede bestyrelse stemmer herfor. Der f\u00f8res protokol over vedtagne beslutninger ved bestyrelsesm\u00f8derne.<\/p>\n\n\n\n<p><strong>Stk. 3:<\/strong><\/p>\n\n\n\n<p>Bestyrelsen kan afvise arrangementer og lejem\u00e5l, som kunne forekomme h\u00e6rv\u00e6rkstruende, i strid med brandv\u00e6rnsreglerne eller husets form\u00e5l.<\/p>\n\n\n\n<p class=\"has-text-align-center has-medium-font-size\"><strong>\u00a7 5. Generalforsamlingen.<\/strong><\/p>\n\n\n\n<p><strong>Stk. 1:<\/strong><\/p>\n\n\n\n<p>Generalforsamlingen er foreningens \u00f8verste myndighed. Ordin\u00e6r generalforsamling afholdes hvert \u00e5r i f\u00f8rste kvartal. Indkaldelsen skal foreg\u00e5 med mindst 14 dages varsel elektronisk, f.eks. e-mail eller Facebookgruppe, eller pr. brev til medlemmerne. Forslag fra medlemmerne til behandling indgives skriftligt til formanden senest 7 dage f\u00f8r.<\/p>\n\n\n\n<p>Dagsorden for ordin\u00e6r generalforsamling er som f\u00f8lger:<\/p>\n\n\n\n<ol class=\"wp-block-list\"><li>Valg af stemmet\u00e6llere.<\/li><li>Valg af dirigent.<\/li><li>Forel\u00e6ggelse af bestyrelsens beretning.<\/li><li>Forel\u00e6ggelse af regnskab.<\/li><li>Fastl\u00e6ggelse af indmeldelsesgebyr og eventuelt kontingent.<\/li><li>Indkommende forslag.<\/li><li>Valg af. <\/li><\/ol>\n\n\n\n<ul class=\"wp-block-list\"><li>bestyrelsesmedlemmer for 2 \u00e5r, 3 i lige og 4 i ulige \u00e5rstal.<\/li><li>1 f\u00f8rste og 1 anden bestyrelsessuppleant for 1 \u00e5r.<\/li><li>2 bilagskontrollanter for 1 \u00e5r.<\/li><li>1 bilagskontrollantsuppleant for 1 \u00e5r.<\/li><\/ul>\n\n\n\n<p>    8. Eventuelt, hvorunder intet kan besluttes<\/p>\n\n\n\n<p><strong>Stk. 2:<\/strong><\/p>\n\n\n\n<p>Der f\u00f8res protokol over generalforsamlingens beslutninger, som underskrives af referenten og dirigenten. Beslutninger om sager optaget p\u00e5 dagsordenen tr\u00e6ffes ved almindelig stemmeflertal. Der kan ikke stemmes ved fuldmagt. Der stemmes normalt ved h\u00e5ndsopr\u00e6kning. Der kan stemmes ved skriftlig afstemning, hvis dirigenten sk\u00f8nner det n\u00f8dvendigt eller hvis et medlem forlanger det. Sammen med et medlem kan en \u00e6gtef\u00e6lle\/samlever overv\u00e6re generalforsamlingen uden stemme &#8211; og taleret.<\/p>\n\n\n\n<p><strong>Stk. 3:<\/strong><\/p>\n\n\n\n<p>Bestyrelsen kan afholde ekstraordin\u00e6r generalforsamling, hvis den finder det n\u00f8dvendigt, eller hvis 1\/3 af medlemmerne skriftligt beg\u00e6rer det og angiver punkter til behandling. Kun punkter\/forslag bekendtgjort for medlemmerne p\u00e5 indkaldelsen kan behandles.<\/p>\n\n\n\n<p><strong>Stk. 4:<\/strong><\/p>\n\n\n\n<p>En generalforsamling kan behandle forslag om vedt\u00e6gts\u00e6ndring, hvis medlemmerne bliver orienteret om det ved indkaldelsen. \u00c6ndringer i de dele af vedt\u00e6gten, der s\u00e5ledes er udsendt \u00e6ndringsforslag til forud, kan vedtages af generalforsamlingen ved almindelig stemmeflertal.<\/p>\n\n\n\n<p class=\"has-text-align-center has-medium-font-size\"><strong>\u00a7 6. \u00d8konomi, regnskab og revision<\/strong>.<\/p>\n\n\n\n<p>Regnskabet g\u00e5r fra 1\/1 til 31\/12. De p\u00e5 generalforsamlingen valgte bilagskontrollanter gennemg\u00e5r regnskab og bilag inden den ordin\u00e6re generalforsamling. Foreningens midler skal v\u00e6re indsat i et pengeinstitut. Af foreningen overskud kan intet udbetales til medlemmerne. Bel\u00f8b indbetalt for medlemsbeviser er varige, almennyttige bidrag og kan ikke genudbetales.<\/p>\n\n\n\n<p class=\"has-text-align-center has-medium-font-size\"><strong>\u00a7 7. Tegning.<\/strong><\/p>\n\n\n\n<p>Foreningen tegnes i den daglige \u00f8konomi af formand eller kasserer. Pants\u00e6tning optagning af l\u00e5n eller lignende transaktioner, som kan forpligte foreningen, foruds\u00e6tter beslutning i bestyrelsen. Hvis bel\u00f8bet overstiger 50.000 kr. kr\u00e6ver det en godkendelse p\u00e5 generalforsamlingen.<\/p>\n\n\n\n<p class=\"has-text-align-center has-medium-font-size\"><strong>\u00a7 8. H\u00e6ftelse.<\/strong><\/p>\n\n\n\n<p>Huset\/Foreningen h\u00e6fter kun med sine aktiver.<\/p>\n\n\n\n<p class=\"has-text-align-center has-medium-font-size\"><strong>\u00a7 9. Foreningens opl\u00f8sning<\/strong>.<\/p>\n\n\n\n<p>Hvis bestyrelsen ikke ser det muligt at drive foreningen videre, indkaldes til en generalforsamling pr. brev med oplysning om situationen, bl.a. evt. for at f\u00e5 valgt en anden bestyrelse. Viser dette sig ikke muligt, eller opgiver den nyvalgte bestyrelse, at f\u00f8re foreningen videre, indkaldes der til en ny ekstraordin\u00e6r generalforsamling, om opl\u00f8sning af foreningen og salg af ejendommen. En opl\u00f8sning kan afg\u00f8res ved almindeligt flertal.<\/p>\n\n\n\n<p class=\"has-text-align-center has-medium-font-size\"><strong>\u00a7 10. Anvendelse af evt. midler ved foreningens opl\u00f8sning.<\/strong><\/p>\n\n\n\n<p>Eventuelle midler ved foreningens opl\u00f8sning kan kun anvendes til almennyttige form\u00e5l i lokalomr\u00e5det. Den sidste generalforsamling, ved foreningens opl\u00f8sning, skal bestemme, hvad et eventuelt overskud, ved salg af foreningens aktiver, skal anvendes til.<\/p>\n\n\n\n<p class=\"has-text-align-center has-medium-font-size\"><strong>\u00a7 11. Ikrafttr\u00e6delse.<\/strong><\/p>\n\n\n\n<p>Denne vedt\u00e6gt tr\u00e6der i kraft straks i stedet for de hidtidige vedt\u00e6gter af 23. april 1941. Med denne nye vedt\u00e6gt, indtr\u00e6der <strong>Den almennyttige forening B\u00f8gelunde Forsamlingshus <\/strong>i samtlige de forpligtelser over for tredjemand, som <strong>Andelsselskabet B\u00f8gelunde Forsamlingshus<\/strong>, har haft, herunder ejendomsretten til forsamlingshuses faste ejendom, beholdninger, l\u00f8s\u00f8re m.v., ligesom foreningen med sin ejendom h\u00e6fter for selskabets hidtidige forpligtelser og g\u00e6ld. S\u00e5ledes vedtaget p\u00e5 foreningens ekstraordin\u00e6re generalforsamling den 15. februar 2011<\/p>\n","protected":false},"excerpt":{"rendered":"<p>\u00a7 1. Navn og hjemsted. Foreningens navn er,B\u00f8gelunde Forsamlingshus,beliggende p\u00e5 Snedinge-M\u00f8llevej 22,B\u00f8gelunde, 4230 Sk\u00e6lsk\u00f8ri Slagelse Kommune. \u00a7 2. Form\u00e5l. Foreningens form\u00e5l er at drive og opretholde B\u00f8gelunde Forsamlingshus som almennyttigt, lokalt samlingssted efter de stedlige behov for arrangementer og f\u00e6lles aktiviteter af kulturel, foreningsm\u00e6ssig, politisk og selskabelig art. Foreningen underst\u00f8tter samh\u00f8righeden og f\u00e6llesskabet mellem omr\u00e5dets&#8230;<\/p>\n","protected":false},"author":3,"featured_media":0,"parent":0,"menu_order":0,"comment_status":"closed","ping_status":"closed","template":"","meta":{"_kadence_starter_templates_imported_post":false,"_kad_post_transparent":"","_kad_post_title":"","_kad_post_layout":"","_kad_post_sidebar_id":"","_kad_post_content_style":"","_kad_post_vertical_padding":"","_kad_post_feature":"","_kad_post_feature_position":"","_kad_post_header":false,"_kad_post_footer":false,"_kad_post_classname":"","footnotes":""},"class_list":["post-105","page","type-page","status-publish","hentry","gallery-content-unit"],"_links":{"self":[{"href":"https:\/\/xn--bgelundeforsamlingshus-5ic.dk\/index.php?rest_route=\/wp\/v2\/pages\/105","targetHints":{"allow":["GET"]}}],"collection":[{"href":"https:\/\/xn--bgelundeforsamlingshus-5ic.dk\/index.php?rest_route=\/wp\/v2\/pages"}],"about":[{"href":"https:\/\/xn--bgelundeforsamlingshus-5ic.dk\/index.php?rest_route=\/wp\/v2\/types\/page"}],"author":[{"embeddable":true,"href":"https:\/\/xn--bgelundeforsamlingshus-5ic.dk\/index.php?rest_route=\/wp\/v2\/users\/3"}],"replies":[{"embeddable":true,"href":"https:\/\/xn--bgelundeforsamlingshus-5ic.dk\/index.php?rest_route=%2Fwp%2Fv2%2Fcomments&post=105"}],"version-history":[{"count":3,"href":"https:\/\/xn--bgelundeforsamlingshus-5ic.dk\/index.php?rest_route=\/wp\/v2\/pages\/105\/revisions"}],"predecessor-version":[{"id":128,"href":"https:\/\/xn--bgelundeforsamlingshus-5ic.dk\/index.php?rest_route=\/wp\/v2\/pages\/105\/revisions\/128"}],"wp:attachment":[{"href":"https:\/\/xn--bgelundeforsamlingshus-5ic.dk\/index.php?rest_route=%2Fwp%2Fv2%2Fmedia&parent=105"}],"curies":[{"name":"wp","href":"https:\/\/api.w.org\/{rel}","templated":true}]}}